{"id":1353,"date":"2025-09-08T17:19:38","date_gmt":"2025-09-08T17:19:38","guid":{"rendered":"https:\/\/beitybakery.com\/?post_type=product&#038;p=1353"},"modified":"2025-09-25T22:21:23","modified_gmt":"2025-09-25T22:21:23","slug":"finger-dates","status":"publish","type":"product","link":"https:\/\/www.beitybakery.com\/es\/producto\/finger-dates\/","title":{"rendered":"Dedos de d\u00e1til"},"content":{"rendered":"<p>Disfrute de nuestro <b>Dedos de d\u00e1til<\/b>un tentempi\u00e9 satisfactorio y naturalmente dulce. Una masa tierna y mantecosa se enrolla alrededor de un rico relleno de d\u00e1tiles especiados, creando una delicia perfecta y port\u00e1til, ideal para un impulso energ\u00e9tico en cualquier momento del d\u00eda.<\/p>","protected":false},"excerpt":{"rendered":"<p>500g<\/p>\n<p>46 piezas<\/p>","protected":false},"featured_media":29081,"template":"","meta":[],"product_brand":[],"product_cat":[89],"product_tag":[],"class_list":{"0":"post-1353","1":"product","2":"type-product","3":"status-publish","4":"has-post-thumbnail","6":"product_cat-sweets","8":"first","9":"instock","10":"taxable","11":"shipping-taxable","12":"purchasable","13":"product-type-simple"},"_links":{"self":[{"href":"https:\/\/www.beitybakery.com\/es\/wp-json\/wp\/v2\/product\/1353","targetHints":{"allow":["GET"]}}],"collection":[{"href":"https:\/\/www.beitybakery.com\/es\/wp-json\/wp\/v2\/product"}],"about":[{"href":"https:\/\/www.beitybakery.com\/es\/wp-json\/wp\/v2\/types\/product"}],"version-history":[{"count":0,"href":"https:\/\/www.beitybakery.com\/es\/wp-json\/wp\/v2\/product\/1353\/revisions"}],"wp:featuredmedia":[{"embeddable":true,"href":"https:\/\/www.beitybakery.com\/es\/wp-json\/wp\/v2\/media\/29081"}],"wp:attachment":[{"href":"https:\/\/www.beitybakery.com\/es\/wp-json\/wp\/v2\/media?parent=1353"}],"wp:term":[{"taxonomy":"product_brand","embeddable":true,"href":"https:\/\/www.beitybakery.com\/es\/wp-json\/wp\/v2\/product_brand?post=1353"},{"taxonomy":"product_cat","embeddable":true,"href":"https:\/\/www.beitybakery.com\/es\/wp-json\/wp\/v2\/product_cat?post=1353"},{"taxonomy":"product_tag","embeddable":true,"href":"https:\/\/www.beitybakery.com\/es\/wp-json\/wp\/v2\/product_tag?post=1353"}],"curies":[{"name":"wp","href":"https:\/\/api.w.org\/{rel}","templated":true}]}}