{"id":1396,"date":"2025-09-13T16:11:36","date_gmt":"2025-09-13T16:11:36","guid":{"rendered":"https:\/\/beitybakery.com\/?post_type=product&#038;p=1396"},"modified":"2025-09-25T22:30:53","modified_gmt":"2025-09-25T22:30:53","slug":"kaak-yansoun-breadsticks","status":"publish","type":"product","link":"https:\/\/www.beitybakery.com\/es\/producto\/kaak-yansoun-breadsticks\/","title":{"rendered":"Kaak Anise - Palitos de pan"},"content":{"rendered":"<p>Experimente el aroma c\u00e1lido y reconfortante de nuestro <b>KaaK Yansoun<\/b>. Estos tradicionales palitos de pan est\u00e1n delicadamente horneados, son sutilmente dulces y est\u00e1n impregnados \u00fanicamente de la calmante y fragante especia de <b>an\u00eds (yansoun)<\/b>. Perfecto para mojar en el caf\u00e9 o el t\u00e9 de la ma\u00f1ana.<\/p>","protected":false},"excerpt":{"rendered":"<p>400g<\/p>","protected":false},"featured_media":29073,"template":"","meta":[],"product_brand":[],"product_cat":[89],"product_tag":[],"class_list":{"0":"post-1396","1":"product","2":"type-product","3":"status-publish","4":"has-post-thumbnail","6":"product_cat-sweets","8":"first","9":"instock","10":"taxable","11":"shipping-taxable","12":"purchasable","13":"product-type-simple"},"_links":{"self":[{"href":"https:\/\/www.beitybakery.com\/es\/wp-json\/wp\/v2\/product\/1396","targetHints":{"allow":["GET"]}}],"collection":[{"href":"https:\/\/www.beitybakery.com\/es\/wp-json\/wp\/v2\/product"}],"about":[{"href":"https:\/\/www.beitybakery.com\/es\/wp-json\/wp\/v2\/types\/product"}],"version-history":[{"count":0,"href":"https:\/\/www.beitybakery.com\/es\/wp-json\/wp\/v2\/product\/1396\/revisions"}],"wp:featuredmedia":[{"embeddable":true,"href":"https:\/\/www.beitybakery.com\/es\/wp-json\/wp\/v2\/media\/29073"}],"wp:attachment":[{"href":"https:\/\/www.beitybakery.com\/es\/wp-json\/wp\/v2\/media?parent=1396"}],"wp:term":[{"taxonomy":"product_brand","embeddable":true,"href":"https:\/\/www.beitybakery.com\/es\/wp-json\/wp\/v2\/product_brand?post=1396"},{"taxonomy":"product_cat","embeddable":true,"href":"https:\/\/www.beitybakery.com\/es\/wp-json\/wp\/v2\/product_cat?post=1396"},{"taxonomy":"product_tag","embeddable":true,"href":"https:\/\/www.beitybakery.com\/es\/wp-json\/wp\/v2\/product_tag?post=1396"}],"curies":[{"name":"wp","href":"https:\/\/api.w.org\/{rel}","templated":true}]}}