{"id":1400,"date":"2025-09-13T17:20:51","date_gmt":"2025-09-13T17:20:51","guid":{"rendered":"https:\/\/beitybakery.com\/?post_type=product&#038;p=1400"},"modified":"2025-09-25T22:00:53","modified_gmt":"2025-09-25T22:00:53","slug":"maamoul-walnuts","status":"publish","type":"product","link":"https:\/\/www.beitybakery.com\/es\/producto\/maamoul-walnuts\/","title":{"rendered":"Maamoul con nueces"},"content":{"rendered":"<p>Saboree la tradici\u00f3n Nuestro <b>Maamoul con nueces<\/b> presenta una tierna y mantecosa corteza de s\u00e9mola que rodea un rico y arom\u00e1tico relleno de nueces finamente picadas y un toque de especias. Un verdadero placer para cualquier momento del d\u00eda.<\/p>\n<p>&nbsp;<\/p>","protected":false},"excerpt":{"rendered":"<p>500g<\/p>\n<p>15 piezas<\/p>","protected":false},"featured_media":1401,"template":"","meta":[],"product_brand":[],"product_cat":[89],"product_tag":[],"class_list":{"0":"post-1400","1":"product","2":"type-product","3":"status-publish","4":"has-post-thumbnail","6":"product_cat-sweets","8":"first","9":"instock","10":"taxable","11":"shipping-taxable","12":"purchasable","13":"product-type-simple"},"_links":{"self":[{"href":"https:\/\/www.beitybakery.com\/es\/wp-json\/wp\/v2\/product\/1400","targetHints":{"allow":["GET"]}}],"collection":[{"href":"https:\/\/www.beitybakery.com\/es\/wp-json\/wp\/v2\/product"}],"about":[{"href":"https:\/\/www.beitybakery.com\/es\/wp-json\/wp\/v2\/types\/product"}],"version-history":[{"count":0,"href":"https:\/\/www.beitybakery.com\/es\/wp-json\/wp\/v2\/product\/1400\/revisions"}],"wp:featuredmedia":[{"embeddable":true,"href":"https:\/\/www.beitybakery.com\/es\/wp-json\/wp\/v2\/media\/1401"}],"wp:attachment":[{"href":"https:\/\/www.beitybakery.com\/es\/wp-json\/wp\/v2\/media?parent=1400"}],"wp:term":[{"taxonomy":"product_brand","embeddable":true,"href":"https:\/\/www.beitybakery.com\/es\/wp-json\/wp\/v2\/product_brand?post=1400"},{"taxonomy":"product_cat","embeddable":true,"href":"https:\/\/www.beitybakery.com\/es\/wp-json\/wp\/v2\/product_cat?post=1400"},{"taxonomy":"product_tag","embeddable":true,"href":"https:\/\/www.beitybakery.com\/es\/wp-json\/wp\/v2\/product_tag?post=1400"}],"curies":[{"name":"wp","href":"https:\/\/api.w.org\/{rel}","templated":true}]}}