{"id":29435,"date":"2025-09-28T22:59:27","date_gmt":"2025-09-28T21:59:27","guid":{"rendered":"https:\/\/beitybakery.com\/?post_type=product&#038;p=29435"},"modified":"2025-10-02T19:49:16","modified_gmt":"2025-10-02T18:49:16","slug":"barra-whole-wheat","status":"publish","type":"product","link":"https:\/\/www.beitybakery.com\/es\/producto\/barra-whole-wheat\/","title":{"rendered":"Barra de trigo integral"},"content":{"rendered":"<p>Experimente las bondades r\u00fasticas de nuestro <b>Barra de trigo integral<\/b> un pan abundante y sabroso, perfecto para cualquier ocasi\u00f3n.<\/p>\n<p>Horneado con harina de trigo integral 100%, este <b>barra<\/b> (pan tipo baguette) ofrece una miga densa pero tierna y una corteza crujiente. No solo es delicioso, sino que tambi\u00e9n est\u00e1 repleto de fibra natural, lo que lo convierte en una opci\u00f3n excelente y nutritiva para sus comidas diarias.<\/p>\n<p>&nbsp;<\/p>\n<h3>Caracter\u00edsticas principales:<\/h3>\n<p>&nbsp;<\/p>\n<ul>\n<li><b>100% Trigo integral:<\/b> Elaborado con cereales integrales totalmente naturales para obtener el m\u00e1ximo beneficio nutricional.<\/li>\n<li><b>Textura abundante:<\/b> Presenta un delicioso masticado r\u00fastico y un exterior perfectamente crujiente.<\/li>\n<li><b>Vers\u00e1til:<\/b> La base ideal para s\u00e1ndwiches, perfectos para mojar en aceite de oliva, o simplemente tostados para el desayuno.<\/li>\n<li><b>Rico en fibra:<\/b> Una fuente saludable de fibra que contribuye a una dieta sana.<\/li>\n<\/ul>\n<p>Ya sea para preparar un buen s\u00e1ndwich a la hora del almuerzo, servir un acompa\u00f1amiento para la cena o disfrutar de un cl\u00e1sico <i>pan con tomate<\/i>El <b>Barra de trigo integral<\/b> lleva a su mesa el sabor aut\u00e9ntico y los beneficios saludables de los cereales integrales.<\/p>","protected":false},"excerpt":{"rendered":"<p>215g<\/p>","protected":false},"featured_media":29497,"template":"","meta":[],"product_brand":[],"product_cat":[88],"product_tag":[],"class_list":{"0":"post-29435","1":"product","2":"type-product","3":"status-publish","4":"has-post-thumbnail","6":"product_cat-bread","8":"first","9":"instock","10":"taxable","11":"shipping-taxable","12":"purchasable","13":"product-type-simple"},"_links":{"self":[{"href":"https:\/\/www.beitybakery.com\/es\/wp-json\/wp\/v2\/product\/29435","targetHints":{"allow":["GET"]}}],"collection":[{"href":"https:\/\/www.beitybakery.com\/es\/wp-json\/wp\/v2\/product"}],"about":[{"href":"https:\/\/www.beitybakery.com\/es\/wp-json\/wp\/v2\/types\/product"}],"version-history":[{"count":0,"href":"https:\/\/www.beitybakery.com\/es\/wp-json\/wp\/v2\/product\/29435\/revisions"}],"wp:featuredmedia":[{"embeddable":true,"href":"https:\/\/www.beitybakery.com\/es\/wp-json\/wp\/v2\/media\/29497"}],"wp:attachment":[{"href":"https:\/\/www.beitybakery.com\/es\/wp-json\/wp\/v2\/media?parent=29435"}],"wp:term":[{"taxonomy":"product_brand","embeddable":true,"href":"https:\/\/www.beitybakery.com\/es\/wp-json\/wp\/v2\/product_brand?post=29435"},{"taxonomy":"product_cat","embeddable":true,"href":"https:\/\/www.beitybakery.com\/es\/wp-json\/wp\/v2\/product_cat?post=29435"},{"taxonomy":"product_tag","embeddable":true,"href":"https:\/\/www.beitybakery.com\/es\/wp-json\/wp\/v2\/product_tag?post=29435"}],"curies":[{"name":"wp","href":"https:\/\/api.w.org\/{rel}","templated":true}]}}