{"id":29439,"date":"2025-09-28T23:04:23","date_gmt":"2025-09-28T22:04:23","guid":{"rendered":"https:\/\/beitybakery.com\/?post_type=product&#038;p=29439"},"modified":"2025-10-02T19:48:50","modified_gmt":"2025-10-02T18:48:50","slug":"hogaza-whole-wheat","status":"publish","type":"product","link":"https:\/\/www.beitybakery.com\/es\/producto\/hogaza-whole-wheat\/","title":{"rendered":"Hogaza de trigo integral"},"content":{"rendered":"<h2>Aut\u00e9ntico y r\u00fastico: el <b>Hogaza de trigo integral<\/b><\/h2>\n<p>&nbsp;<\/p>\n<hr \/>\n<p>Del\u00e9itese con el sabor tradicional y la sustanciosa bondad de nuestro <b>Hogaza de trigo integral<\/b> pan. <span class=\"citation-1\">En <\/span><i><span class=\"citation-1\">hogaza<\/span><\/i><span class=\"citation-1 citation-end-1\"> (que significa \"hogaza grande\" o \"pan r\u00fastico redondo\") es una forma cl\u00e1sica, conocida por su magn\u00edfica textura y su capacidad para mantenerse fresco durante m\u00e1s tiempo.<\/span><\/p>\n<div _ngcontent-ng-c1218284679=\"\" class=\"source-inline-chip-container ng-star-inserted\"><button class=\"button ng-star-inserted\" data-hveid=\"0\" data-ved=\"0CAAQvoAQahgKEwiO8ZGoufyPAxUAAAAAHQAAAAAQhwE\"><\/button><\/div>\n<p>Formado a mano en un hermoso y robusto redondo, este pan se hornea con <b>100% harina integral molida a la piedra<\/b> y un lento proceso de fermentaci\u00f3n, que dan como resultado un complejo perfil de sabor a frutos secos. Su corteza gruesa y perfectamente caramelizada da paso a un interior h\u00famedo, abierto y satisfactoriamente masticable.<\/p>\n<p>&nbsp;<\/p>\n<h3>Caracter\u00edsticas principales:<\/h3>\n<p>&nbsp;<\/p>\n<ul>\n<li><b>Forma redonda tradicional (Hogaza):<\/b> Excelente para una bonita presentaci\u00f3n en la mesa y rebanadas gruesas y sustanciosas.<\/li>\n<li><b>100% Grano entero:<\/b> Elaborado exclusivamente con trigo integral para obtener el m\u00e1ximo de fibra y nutrientes.<\/li>\n<li><b>Sabor y textura r\u00fasticos:<\/b> Tiene un sabor profundo a nuez y una estructura de miga fuerte y resistente.<\/li>\n<li><b>Frescor duradero:<\/b> Su forma densa y redondeada ayuda a retener la humedad, manteniendo el pan delicioso durante d\u00edas.<\/li>\n<\/ul>\n<p>En <b>Hogaza de trigo integral<\/b> es perfecto para mojar en guisos, cortar en rebanadas gruesas para tostadas artesanales, servir junto a quesos y embutidos, o simplemente disfrutar con mantequilla y sal. Ll\u00e9vese a casa el sabor de la aut\u00e9ntica panader\u00eda r\u00fastica.<\/p>","protected":false},"excerpt":{"rendered":"<p>500g<\/p>","protected":false},"featured_media":29496,"template":"","meta":[],"product_brand":[],"product_cat":[88],"product_tag":[],"class_list":{"0":"post-29439","1":"product","2":"type-product","3":"status-publish","4":"has-post-thumbnail","6":"product_cat-bread","8":"first","9":"instock","10":"taxable","11":"shipping-taxable","12":"purchasable","13":"product-type-simple"},"_links":{"self":[{"href":"https:\/\/www.beitybakery.com\/es\/wp-json\/wp\/v2\/product\/29439","targetHints":{"allow":["GET"]}}],"collection":[{"href":"https:\/\/www.beitybakery.com\/es\/wp-json\/wp\/v2\/product"}],"about":[{"href":"https:\/\/www.beitybakery.com\/es\/wp-json\/wp\/v2\/types\/product"}],"version-history":[{"count":0,"href":"https:\/\/www.beitybakery.com\/es\/wp-json\/wp\/v2\/product\/29439\/revisions"}],"wp:featuredmedia":[{"embeddable":true,"href":"https:\/\/www.beitybakery.com\/es\/wp-json\/wp\/v2\/media\/29496"}],"wp:attachment":[{"href":"https:\/\/www.beitybakery.com\/es\/wp-json\/wp\/v2\/media?parent=29439"}],"wp:term":[{"taxonomy":"product_brand","embeddable":true,"href":"https:\/\/www.beitybakery.com\/es\/wp-json\/wp\/v2\/product_brand?post=29439"},{"taxonomy":"product_cat","embeddable":true,"href":"https:\/\/www.beitybakery.com\/es\/wp-json\/wp\/v2\/product_cat?post=29439"},{"taxonomy":"product_tag","embeddable":true,"href":"https:\/\/www.beitybakery.com\/es\/wp-json\/wp\/v2\/product_tag?post=29439"}],"curies":[{"name":"wp","href":"https:\/\/api.w.org\/{rel}","templated":true}]}}