{"id":29444,"date":"2025-09-28T23:08:32","date_gmt":"2025-09-28T22:08:32","guid":{"rendered":"https:\/\/beitybakery.com\/?post_type=product&#038;p=29444"},"modified":"2025-10-02T19:46:58","modified_gmt":"2025-10-02T18:46:58","slug":"baguette-with-olives","status":"publish","type":"product","link":"https:\/\/www.beitybakery.com\/es\/producto\/baguette-with-olives\/","title":{"rendered":"Baguette con aceitunas"},"content":{"rendered":"<h2>Sabor a Mediterr\u00e1neo: Nuestro <b>Baguette con aceitunas<\/b><\/h2>\n<p>&nbsp;<\/p>\n<hr \/>\n<p><span>Traslade sus papilas gustativas a las soleadas costas del Mediterr\u00e1neo con nuestro exquisito <\/span><b>Baguette con aceitunas<\/b><span>.<\/span><span> Este pan artesanal combina el crujiente ic\u00f3nico de una baguette francesa cl\u00e1sica con el rico,<\/span><span> sabrosas notas de aceitunas de primera calidad,<\/span><span> creando una experiencia sensorial irresistible.<\/span><\/p>\n<p><span>Cada baguette se elabora meticulosamente con harina de alta calidad y un proceso de fermentaci\u00f3n lento,<\/span><span> asegurando una luz,<\/span><span> interior aireado y un bonito dorado,<\/span><span> corteza crujiente.<\/span><span> La masa est\u00e1 generosamente salpicada de una deliciosa mezcla de <\/span><b>aceitunas negras saladas y aceitunas verdes vibrantes<\/b><span>,<\/span><span> impregnando cada rebanada con su sello distintivo,<\/span><span> sabor arom\u00e1tico.<\/span><\/p>\n<p>&nbsp;<\/p>\n<h3>Caracter\u00edsticas principales:<\/h3>\n<p>&nbsp;<\/p>\n<ul>\n<li><b>Aut\u00e9ntica Baguette:<\/b><span> Perfectamente dorado,<\/span><span> corteza crujiente y tierna,<\/span><span> miga abierta.<\/span><\/li>\n<li><b>Infusi\u00f3n salada de aceitunas:<\/b><span> Con aceitunas negras y verdes para un sabor equilibrado,<\/span><span> rico sabor.<\/span><\/li>\n<li><b>Delicia vers\u00e1til:<\/b><span> Ideal para un aperitivo sofisticado,<\/span><span> un sabroso bocadillo,<\/span><span> o simplemente disfrutarlo solo.<\/span><\/li>\n<li><b>Arom\u00e1tico y sabroso:<\/b><span> Las aceitunas liberan sus aceites esenciales durante la cocci\u00f3n,<\/span><span> llenando el pan de un aroma y un sabor tentadores.<\/span><\/li>\n<\/ul>\n<p><span>Ya sea maridado con queso y embutidos,<\/span><span> ba\u00f1ados en aceite de oliva,<\/span><span> o como acompa\u00f1amiento de sus platos mediterr\u00e1neos favoritos,<\/span><span> nuestra <\/span><b>Baguette con aceitunas<\/b><span> es un complemento sabroso y elegante para cualquier comida.<\/span><span> Del\u00e9itese con esta deliciosa fusi\u00f3n de reposter\u00eda cl\u00e1sica francesa y sabor mediterr\u00e1neo.<\/span><\/p>","protected":false},"excerpt":{"rendered":"<p>220g<\/p>","protected":false},"featured_media":29443,"template":"","meta":[],"product_brand":[],"product_cat":[88],"product_tag":[],"class_list":{"0":"post-29444","1":"product","2":"type-product","3":"status-publish","4":"has-post-thumbnail","6":"product_cat-bread","8":"first","9":"instock","10":"taxable","11":"shipping-taxable","12":"purchasable","13":"product-type-simple"},"_links":{"self":[{"href":"https:\/\/www.beitybakery.com\/es\/wp-json\/wp\/v2\/product\/29444","targetHints":{"allow":["GET"]}}],"collection":[{"href":"https:\/\/www.beitybakery.com\/es\/wp-json\/wp\/v2\/product"}],"about":[{"href":"https:\/\/www.beitybakery.com\/es\/wp-json\/wp\/v2\/types\/product"}],"version-history":[{"count":0,"href":"https:\/\/www.beitybakery.com\/es\/wp-json\/wp\/v2\/product\/29444\/revisions"}],"wp:featuredmedia":[{"embeddable":true,"href":"https:\/\/www.beitybakery.com\/es\/wp-json\/wp\/v2\/media\/29443"}],"wp:attachment":[{"href":"https:\/\/www.beitybakery.com\/es\/wp-json\/wp\/v2\/media?parent=29444"}],"wp:term":[{"taxonomy":"product_brand","embeddable":true,"href":"https:\/\/www.beitybakery.com\/es\/wp-json\/wp\/v2\/product_brand?post=29444"},{"taxonomy":"product_cat","embeddable":true,"href":"https:\/\/www.beitybakery.com\/es\/wp-json\/wp\/v2\/product_cat?post=29444"},{"taxonomy":"product_tag","embeddable":true,"href":"https:\/\/www.beitybakery.com\/es\/wp-json\/wp\/v2\/product_tag?post=29444"}],"curies":[{"name":"wp","href":"https:\/\/api.w.org\/{rel}","templated":true}]}}